{"id":1008,"date":"2025-09-29T19:53:26","date_gmt":"2025-09-29T19:53:26","guid":{"rendered":"https:\/\/www.adanalihalilustaocakbasi.qrmenubu.com\/menu\/"},"modified":"2026-01-06T21:40:05","modified_gmt":"2026-01-06T21:40:05","slug":"menu","status":"publish","type":"page","link":"http:\/\/www.adanalihalilustaocakbasi.qrmenubu.com\/ru\/","title":{"rendered":"intro"},"content":{"rendered":"\t\t<div data-elementor-type=\"wp-page\" data-elementor-id=\"1008\" class=\"elementor elementor-1008 elementor-67\" data-elementor-settings=\"{&quot;ha_cmc_init_switcher&quot;:&quot;no&quot;}\">\n\t\t\t\t<div class=\"elementor-element elementor-element-c2419eb e-flex e-con-boxed e-con e-parent\" data-id=\"c2419eb\" data-element_type=\"container\" data-e-type=\"container\" data-settings=\"{&quot;background_background&quot;:&quot;classic&quot;,&quot;_ha_eqh_enable&quot;:&quot;yes&quot;,&quot;_ha_eqh_to&quot;:&quot;widget&quot;,&quot;_ha_eqh_disable_on_tablet&quot;:&quot;no&quot;}\">\n\t\t\t\t\t<div class=\"e-con-inner\">\n\t\t<div class=\"elementor-element elementor-element-71b131c e-grid e-con-full e-con e-child\" data-id=\"71b131c\" data-element_type=\"container\" data-e-type=\"container\" data-settings=\"{&quot;_ha_eqh_enable&quot;:false}\">\n\t\t\t\t<div class=\"elementor-element elementor-element-7b8ab44 elementor-widget elementor-widget-ilogo\" data-id=\"7b8ab44\" data-element_type=\"widget\" data-e-type=\"widget\" data-widget_type=\"ilogo.default\">\n\t\t\t\t<div class=\"elementor-widget-container\">\n\t\t\t\t\t\t\t\t\r\n\t    \t<div class=\"the-logo \">\r\n\t\t\t\t<a href=\"http:\/\/www.adanalihalilustaocakbasi.qrmenubu.com\/ru\/\">\r\n\t\t\t\t\t<img decoding=\"async\" src=\"http:\/\/www.adanalihalilustaocakbasi.qrmenubu.com\/wp-content\/uploads\/2025\/12\/Adanali-Halil-Usta-Ocakbas\u0327i-Logo.png\" alt=\"Adanal\u0131 Halil Usta Ocakba\u015f\u0131\">\r\n\t\t\t\t\t\t\t\t\t<\/a>\t\t\t        \r\n\t\t    <\/div>\r\n\t\t    \r\n\t    \t\t\t\t<\/div>\n\t\t\t\t<\/div>\n\t\t\t\t<\/div>\n\t\t<div class=\"elementor-element elementor-element-cf7067b e-con-full e-flex e-con e-child\" data-id=\"cf7067b\" data-element_type=\"container\" data-e-type=\"container\" data-settings=\"{&quot;_ha_eqh_enable&quot;:false}\">\n\t\t\t\t<div class=\"elementor-element elementor-element-9f178e9 elementor-widget elementor-widget-imenu\" data-id=\"9f178e9\" data-element_type=\"widget\" data-e-type=\"widget\" data-widget_type=\"imenu.default\">\n\t\t\t\t<div class=\"elementor-widget-container\">\n\t\t\t\t\t\t\t\t\r\n\t    \t<nav id=\"site-navigation\" class=\"main-navigation hitem \">\t\t\t\r\n\t\t\t\t<ul id=\"primary-menu\" class=\"menu\"><li id=\"menu-item-wpml-ls-47-ru\" class=\"menu-item wpml-ls-slot-47 wpml-ls-item wpml-ls-item-ru wpml-ls-current-language wpml-ls-menu-item wpml-ls-first-item menu-item-type-wpml_ls_menu_item menu-item-object-wpml_ls_menu_item menu-item-wpml-ls-47-ru\"><a href=\"http:\/\/www.adanalihalilustaocakbasi.qrmenubu.com\/ru\/\" data-ps2id-api=\"true\" role=\"menuitem\"><img decoding=\"async\"\n            class=\"wpml-ls-flag\"\n            src=\"http:\/\/www.adanalihalilustaocakbasi.qrmenubu.com\/wp-content\/plugins\/sitepress-multilingual-cms\/res\/flags\/ru.svg\"\n            alt=\"\"\n            width=30\n            \n    \/><span class=\"wpml-ls-native\" lang=\"ru\">\u0420\u0443\u0441\u0441\u043a\u0438\u0439<\/span><\/a><\/li>\n<li id=\"menu-item-wpml-ls-47-tr\" class=\"menu-item wpml-ls-slot-47 wpml-ls-item wpml-ls-item-tr wpml-ls-menu-item menu-item-type-wpml_ls_menu_item menu-item-object-wpml_ls_menu_item menu-item-wpml-ls-47-tr\"><a href=\"http:\/\/www.adanalihalilustaocakbasi.qrmenubu.com\/\" title=\"\u041f\u0435\u0440\u0435\u043a\u043b\u044e\u0447\u0438\u0442\u044c\u0441\u044f \u043d\u0430 T\u00fcrk\u00e7e\" data-ps2id-api=\"true\" aria-label=\"\u041f\u0435\u0440\u0435\u043a\u043b\u044e\u0447\u0438\u0442\u044c\u0441\u044f \u043d\u0430 T\u00fcrk\u00e7e\" role=\"menuitem\"><img decoding=\"async\"\n            class=\"wpml-ls-flag\"\n            src=\"http:\/\/www.adanalihalilustaocakbasi.qrmenubu.com\/wp-content\/plugins\/sitepress-multilingual-cms\/res\/flags\/tr.svg\"\n            alt=\"\"\n            width=30\n            \n    \/><span class=\"wpml-ls-native\" lang=\"tr\">T\u00fcrk\u00e7e<\/span><\/a><\/li>\n<li id=\"menu-item-wpml-ls-47-en\" class=\"menu-item wpml-ls-slot-47 wpml-ls-item wpml-ls-item-en wpml-ls-menu-item wpml-ls-last-item menu-item-type-wpml_ls_menu_item menu-item-object-wpml_ls_menu_item menu-item-wpml-ls-47-en\"><a href=\"http:\/\/www.adanalihalilustaocakbasi.qrmenubu.com\/en\/\" title=\"\u041f\u0435\u0440\u0435\u043a\u043b\u044e\u0447\u0438\u0442\u044c\u0441\u044f \u043d\u0430 English\" data-ps2id-api=\"true\" aria-label=\"\u041f\u0435\u0440\u0435\u043a\u043b\u044e\u0447\u0438\u0442\u044c\u0441\u044f \u043d\u0430 English\" role=\"menuitem\"><img decoding=\"async\"\n            class=\"wpml-ls-flag\"\n            src=\"http:\/\/www.adanalihalilustaocakbasi.qrmenubu.com\/wp-content\/plugins\/sitepress-multilingual-cms\/res\/flags\/en.svg\"\n            alt=\"\"\n            width=30\n            \n    \/><span class=\"wpml-ls-native\" lang=\"en\">English<\/span><\/a><\/li>\n<\/ul>\t\t\t<\/nav>\r\n\t\t\t\r\n\t    \t\t\t\t<\/div>\n\t\t\t\t<\/div>\n\t\t\t\t<\/div>\n\t\t<div class=\"elementor-element elementor-element-028e941 e-con-full e-flex e-con e-child\" data-id=\"028e941\" data-element_type=\"container\" data-e-type=\"container\" data-settings=\"{&quot;_ha_eqh_enable&quot;:false}\">\n\t\t\t\t<div class=\"elementor-element elementor-element-fbeb716 elementor-align-center elementor-widget elementor-widget-ot-btn\" data-id=\"fbeb716\" data-element_type=\"widget\" data-e-type=\"widget\" data-widget_type=\"ot-btn.default\">\n\t\t\t\t<div class=\"elementor-widget-container\">\n\t\t\t\t\t\t\t<div class=\"ot-button-wrapper\">\r\n\t\t\t<a href=\"https:\/\/www.adanalihalilustaocakbasi.qrmenubu.com\/ru\/%d0%bc%d0%b5%d0%bd%d1%8e\/\" class=\"octf-btn octf-btn-lg\">\r\n\t\t\t\t\u041f\u0435\u0440\u0435\u0439\u0442\u0438 \u043a \u043c\u0435\u043d\u044e\t\t\t\t\t\t\t<\/a>\r\n\t    <\/div>\r\n\t    \t\t\t\t<\/div>\n\t\t\t\t<\/div>\n\t\t\t\t<\/div>\n\t\t<div class=\"elementor-element elementor-element-49ae978 e-con-full elementor-hidden-desktop elementor-hidden-tablet elementor-hidden-mobile e-flex e-con e-child\" data-id=\"49ae978\" data-element_type=\"container\" data-e-type=\"container\" data-settings=\"{&quot;_ha_eqh_enable&quot;:false}\">\n\t\t<div class=\"elementor-element elementor-element-4efc1db e-grid e-con-full e-con e-child\" data-id=\"4efc1db\" data-element_type=\"container\" data-e-type=\"container\" data-settings=\"{&quot;_ha_eqh_enable&quot;:false}\">\n\t\t\t\t<div class=\"elementor-element elementor-element-823ab65 elementor-widget elementor-widget-ot-btn\" data-id=\"823ab65\" data-element_type=\"widget\" data-e-type=\"widget\" data-widget_type=\"ot-btn.default\">\n\t\t\t\t<div class=\"elementor-widget-container\">\n\t\t\t\t\t\t\t<div class=\"ot-button-wrapper octf-btn-icon-left\">\r\n\t\t\t<a href=\"#\" class=\"octf-btn octf-btn-sm\">\r\n\t\t\t\tBizi Takip Edin\t\t\t\t\t\t\t\t\t<svg aria-hidden=\"true\" class=\"e-font-icon-svg e-fab-instagram\" viewBox=\"0 0 448 512\" xmlns=\"http:\/\/www.w3.org\/2000\/svg\"><path d=\"M224.1 141c-63.6 0-114.9 51.3-114.9 114.9s51.3 114.9 114.9 114.9S339 319.5 339 255.9 287.7 141 224.1 141zm0 189.6c-41.1 0-74.7-33.5-74.7-74.7s33.5-74.7 74.7-74.7 74.7 33.5 74.7 74.7-33.6 74.7-74.7 74.7zm146.4-194.3c0 14.9-12 26.8-26.8 26.8-14.9 0-26.8-12-26.8-26.8s12-26.8 26.8-26.8 26.8 12 26.8 26.8zm76.1 27.2c-1.7-35.9-9.9-67.7-36.2-93.9-26.2-26.2-58-34.4-93.9-36.2-37-2.1-147.9-2.1-184.9 0-35.8 1.7-67.6 9.9-93.9 36.1s-34.4 58-36.2 93.9c-2.1 37-2.1 147.9 0 184.9 1.7 35.9 9.9 67.7 36.2 93.9s58 34.4 93.9 36.2c37 2.1 147.9 2.1 184.9 0 35.9-1.7 67.7-9.9 93.9-36.2 26.2-26.2 34.4-58 36.2-93.9 2.1-37 2.1-147.8 0-184.8zM398.8 388c-7.8 19.6-22.9 34.7-42.6 42.6-29.5 11.7-99.5 9-132.1 9s-102.7 2.6-132.1-9c-19.6-7.8-34.7-22.9-42.6-42.6-11.7-29.5-9-99.5-9-132.1s-2.6-102.7 9-132.1c7.8-19.6 22.9-34.7 42.6-42.6 29.5-11.7 99.5-9 132.1-9s102.7-2.6 132.1 9c19.6 7.8 34.7 22.9 42.6 42.6 11.7 29.5 9 99.5 9 132.1s2.7 102.7-9 132.1z\"><\/path><\/svg>\t\t\t\t\t\t\t<\/a>\r\n\t    <\/div>\r\n\t    \t\t\t\t<\/div>\n\t\t\t\t<\/div>\n\t\t\t\t<\/div>\n\t\t\t\t<\/div>\n\t\t\t\t\t<\/div>\n\t\t\t\t<\/div>\n\t\t\t\t<\/div>\n\t\t","protected":false},"excerpt":{"rendered":"<p>\u041f\u0435\u0440\u0435\u0439\u0442\u0438 \u043a \u043c\u0435\u043d\u044e Bizi Takip Edin<\/p>\n","protected":false},"author":2,"featured_media":0,"parent":0,"menu_order":4,"comment_status":"closed","ping_status":"closed","template":"","meta":{"footnotes":""},"class_list":["post-1008","page","type-page","status-publish","hentry"],"_links":{"self":[{"href":"http:\/\/www.adanalihalilustaocakbasi.qrmenubu.com\/ru\/wp-json\/wp\/v2\/pages\/1008","targetHints":{"allow":["GET"]}}],"collection":[{"href":"http:\/\/www.adanalihalilustaocakbasi.qrmenubu.com\/ru\/wp-json\/wp\/v2\/pages"}],"about":[{"href":"http:\/\/www.adanalihalilustaocakbasi.qrmenubu.com\/ru\/wp-json\/wp\/v2\/types\/page"}],"author":[{"embeddable":true,"href":"http:\/\/www.adanalihalilustaocakbasi.qrmenubu.com\/ru\/wp-json\/wp\/v2\/users\/2"}],"replies":[{"embeddable":true,"href":"http:\/\/www.adanalihalilustaocakbasi.qrmenubu.com\/ru\/wp-json\/wp\/v2\/comments?post=1008"}],"version-history":[{"count":8,"href":"http:\/\/www.adanalihalilustaocakbasi.qrmenubu.com\/ru\/wp-json\/wp\/v2\/pages\/1008\/revisions"}],"predecessor-version":[{"id":1046,"href":"http:\/\/www.adanalihalilustaocakbasi.qrmenubu.com\/ru\/wp-json\/wp\/v2\/pages\/1008\/revisions\/1046"}],"wp:attachment":[{"href":"http:\/\/www.adanalihalilustaocakbasi.qrmenubu.com\/ru\/wp-json\/wp\/v2\/media?parent=1008"}],"curies":[{"name":"wp","href":"https:\/\/api.w.org\/{rel}","templated":true}]}}